{"id":964,"date":"2023-10-15T22:16:24","date_gmt":"2023-10-15T22:16:24","guid":{"rendered":"https:\/\/loussi.ca\/?page_id=964"},"modified":"2024-01-26T06:47:08","modified_gmt":"2024-01-26T11:47:08","slug":"developpement-des-competences","status":"publish","type":"page","link":"https:\/\/loussi.ca\/en\/services\/developpement-des-competences\/","title":{"rendered":"Skills development"},"content":{"rendered":"<div data-elementor-type=\"wp-page\" data-elementor-id=\"964\" class=\"elementor elementor-964\" data-elementor-post-type=\"page\">\n\t\t\t\t\t\t<section class=\"elementor-section elementor-top-section elementor-element elementor-element-c1b16c7 elementor-section-height-min-height elementor-section-boxed elementor-section-height-default elementor-section-items-middle\" data-id=\"c1b16c7\" data-element_type=\"section\" data-e-type=\"section\" data-settings=\"{&quot;background_background&quot;:&quot;classic&quot;}\">\n\t\t\t\t\t\t<div class=\"elementor-container elementor-column-gap-default\">\n\t\t\t\t\t<div class=\"elementor-column elementor-col-50 elementor-top-column elementor-element elementor-element-a187a7c\" data-id=\"a187a7c\" data-element_type=\"column\" data-e-type=\"column\">\n\t\t\t<div class=\"elementor-widget-wrap elementor-element-populated\">\n\t\t\t\t\t\t\t<\/div>\n\t\t<\/div>\n\t\t\t\t<div class=\"elementor-column elementor-col-50 elementor-top-column elementor-element elementor-element-70a8cca\" data-id=\"70a8cca\" data-element_type=\"column\" data-e-type=\"column\">\n\t\t\t<div class=\"elementor-widget-wrap elementor-element-populated\">\n\t\t\t\t\t\t<div class=\"elementor-element elementor-element-93e82ac elementor-invisible elementor-widget elementor-widget-image\" data-id=\"93e82ac\" data-element_type=\"widget\" data-e-type=\"widget\" data-settings=\"{&quot;_animation&quot;:&quot;fadeInRight&quot;,&quot;_animation_delay&quot;:600}\" data-widget_type=\"image.default\">\n\t\t\t\t<div class=\"elementor-widget-container\">\n\t\t\t\t\t\t\t\t\t\t\t\t\t\t\t<img fetchpriority=\"high\" decoding=\"async\" width=\"800\" height=\"739\" src=\"https:\/\/loussi.ca\/wp-content\/uploads\/2023\/10\/service04-img-big.png\" class=\"elementor-animation-sink attachment-large size-large wp-image-1721\" alt=\"D\u00e9veloppement des comp\u00e9tences\" srcset=\"https:\/\/loussi.ca\/wp-content\/uploads\/2023\/10\/service04-img-big.png 930w, https:\/\/loussi.ca\/wp-content\/uploads\/2023\/10\/service04-img-big-300x277.png 300w, https:\/\/loussi.ca\/wp-content\/uploads\/2023\/10\/service04-img-big-768x709.png 768w, https:\/\/loussi.ca\/wp-content\/uploads\/2023\/10\/service04-img-big-13x12.png 13w\" sizes=\"(max-width: 800px) 100vw, 800px\" \/>\t\t\t\t\t\t\t\t\t\t\t\t\t\t\t<\/div>\n\t\t\t\t<\/div>\n\t\t\t\t\t<\/div>\n\t\t<\/div>\n\t\t\t\t\t<\/div>\n\t\t<\/section>\n\t\t\t\t<section class=\"elementor-section elementor-top-section elementor-element elementor-element-e6d24e7 elementor-section-boxed elementor-section-height-default elementor-section-height-default\" data-id=\"e6d24e7\" data-element_type=\"section\" data-e-type=\"section\" data-settings=\"{&quot;background_background&quot;:&quot;classic&quot;}\">\n\t\t\t\t\t\t<div class=\"elementor-container elementor-column-gap-default\">\n\t\t\t\t\t<div class=\"elementor-column elementor-col-100 elementor-top-column elementor-element elementor-element-147e348\" data-id=\"147e348\" data-element_type=\"column\" data-e-type=\"column\">\n\t\t\t<div class=\"elementor-widget-wrap elementor-element-populated\">\n\t\t\t\t\t\t<div class=\"elementor-element elementor-element-3bb26bc elementor-widget elementor-widget-text-editor\" data-id=\"3bb26bc\" data-element_type=\"widget\" data-e-type=\"widget\" data-widget_type=\"text-editor.default\">\n\t\t\t\t<div class=\"elementor-widget-container\">\n\t\t\t\t\t\t\t\t\t<p>In addition to training that allows you to acquire new competencies that will allow you to do your job in the short or medium term, we focus on skills development that remains beyond employment and are centered on the human being, their career and their professional development.<\/p><p>Loussi offers a proactive approach that anticipates the future needs of your employees aligned with your vision and who will have significant returns on their productivity and therefore on the performance of your organization.<\/p><p>Our skills development offer contains formulas either \u00e0 la carte or in bundle to take advantage of a set of relevant and adapted soft skills and hard skills in the following network, cybersecurity, and audit of information systems.<\/p>\t\t\t\t\t\t\t\t<\/div>\n\t\t\t\t<\/div>\n\t\t\t\t<div class=\"elementor-element elementor-element-afa6365 elementor-widget elementor-widget-text-editor\" data-id=\"afa6365\" data-element_type=\"widget\" data-e-type=\"widget\" data-widget_type=\"text-editor.default\">\n\t\t\t\t<div class=\"elementor-widget-container\">\n\t\t\t\t\t\t\t\t\t<p>For more information, <a href=\"https:\/\/loussi.ca\/en\/contact\/\"><strong>Please contact us<\/strong><\/a><\/p>\t\t\t\t\t\t\t\t<\/div>\n\t\t\t\t<\/div>\n\t\t\t\t\t<\/div>\n\t\t<\/div>\n\t\t\t\t\t<\/div>\n\t\t<\/section>\n\t\t\t\t<section class=\"elementor-section elementor-top-section elementor-element elementor-element-8735273 elementor-section-height-min-height elementor-section-boxed elementor-section-height-default elementor-section-items-middle\" data-id=\"8735273\" data-element_type=\"section\" data-e-type=\"section\" data-settings=\"{&quot;background_background&quot;:&quot;classic&quot;}\">\n\t\t\t\t\t\t<div class=\"elementor-container elementor-column-gap-default\">\n\t\t\t\t\t<div class=\"elementor-column elementor-col-100 elementor-top-column elementor-element elementor-element-26b15d1\" data-id=\"26b15d1\" data-element_type=\"column\" data-e-type=\"column\">\n\t\t\t<div class=\"elementor-widget-wrap elementor-element-populated\">\n\t\t\t\t\t\t<section class=\"elementor-section elementor-inner-section elementor-element elementor-element-f4414aa elementor-section-boxed elementor-section-height-default elementor-section-height-default\" data-id=\"f4414aa\" data-element_type=\"section\" data-e-type=\"section\">\n\t\t\t\t\t\t<div class=\"elementor-container elementor-column-gap-default\">\n\t\t\t\t\t<div class=\"elementor-column elementor-col-50 elementor-inner-column elementor-element elementor-element-32128fc\" data-id=\"32128fc\" data-element_type=\"column\" data-e-type=\"column\">\n\t\t\t<div class=\"elementor-widget-wrap elementor-element-populated\">\n\t\t\t\t\t\t<div class=\"elementor-element elementor-element-4208b50 elementor-widget elementor-widget-image\" data-id=\"4208b50\" data-element_type=\"widget\" data-e-type=\"widget\" data-widget_type=\"image.default\">\n\t\t\t\t<div class=\"elementor-widget-container\">\n\t\t\t\t\t\t\t\t\t\t\t\t\t\t\t<img decoding=\"async\" width=\"410\" height=\"346\" src=\"https:\/\/loussi.ca\/wp-content\/uploads\/2024\/01\/bg_call-to-action.png\" class=\"attachment-large size-large wp-image-1769\" alt=\"\" srcset=\"https:\/\/loussi.ca\/wp-content\/uploads\/2024\/01\/bg_call-to-action.png 410w, https:\/\/loussi.ca\/wp-content\/uploads\/2024\/01\/bg_call-to-action-300x253.png 300w, https:\/\/loussi.ca\/wp-content\/uploads\/2024\/01\/bg_call-to-action-14x12.png 14w\" sizes=\"(max-width: 410px) 100vw, 410px\" \/>\t\t\t\t\t\t\t\t\t\t\t\t\t\t\t<\/div>\n\t\t\t\t<\/div>\n\t\t\t\t\t<\/div>\n\t\t<\/div>\n\t\t\t\t<div class=\"elementor-column elementor-col-50 elementor-inner-column elementor-element elementor-element-eea6033\" data-id=\"eea6033\" data-element_type=\"column\" data-e-type=\"column\">\n\t\t\t<div class=\"elementor-widget-wrap elementor-element-populated\">\n\t\t\t\t\t\t<div class=\"elementor-element elementor-element-c610a4d elementor-widget elementor-widget-heading\" data-id=\"c610a4d\" data-element_type=\"widget\" data-e-type=\"widget\" data-widget_type=\"heading.default\">\n\t\t\t\t<div class=\"elementor-widget-container\">\n\t\t\t\t\t<h3 class=\"elementor-heading-title elementor-size-default\">A need or projet \u2026 <br>We can support you<\/h3>\t\t\t\t<\/div>\n\t\t\t\t<\/div>\n\t\t\t\t<div class=\"elementor-element elementor-element-4d5042c elementor-widget elementor-widget-button\" data-id=\"4d5042c\" data-element_type=\"widget\" data-e-type=\"widget\" data-widget_type=\"button.default\">\n\t\t\t\t<div class=\"elementor-widget-container\">\n\t\t\t\t\t\t\t\t\t<div class=\"elementor-button-wrapper\">\n\t\t\t\t\t<a class=\"elementor-button elementor-button-link elementor-size-md\" href=\"https:\/\/loussi.ca\/en\/contact\/\">\n\t\t\t\t\t\t<span class=\"elementor-button-content-wrapper\">\n\t\t\t\t\t\t<span class=\"elementor-button-icon\">\n\t\t\t\t<i aria-hidden=\"true\" class=\"fas fa-arrow-alt-circle-right\"><\/i>\t\t\t<\/span>\n\t\t\t\t\t\t\t\t\t<span class=\"elementor-button-text\">Contact us<\/span>\n\t\t\t\t\t<\/span>\n\t\t\t\t\t<\/a>\n\t\t\t\t<\/div>\n\t\t\t\t\t\t\t\t<\/div>\n\t\t\t\t<\/div>\n\t\t\t\t\t<\/div>\n\t\t<\/div>\n\t\t\t\t\t<\/div>\n\t\t<\/section>\n\t\t\t\t\t<\/div>\n\t\t<\/div>\n\t\t\t\t\t<\/div>\n\t\t<\/section>\n\t\t\t\t<\/div>","protected":false},"excerpt":{"rendered":"<p>En plus de la formation qui permet d\u2019acqu\u00e9rir de nouvelles comp\u00e9tences qui vont aider \u00e0 faire votre travail \u00e0 court ou moyen terme, nous mettons l\u2019accent sur le d\u00e9veloppement des comp\u00e9tences qui reste au-del\u00e0 de l\u2019emploi et est centr\u00e9 sur l\u2019humain, sa carri\u00e8re, son d\u00e9veloppement professionnel et social. Loussi propose une approche proactive qui anticipe [&hellip;]<\/p>\n","protected":false},"author":1,"featured_media":0,"parent":894,"menu_order":4,"comment_status":"closed","ping_status":"closed","template":"elementor_header_footer","meta":{"footnotes":""},"class_list":["post-964","page","type-page","status-publish","hentry"],"_links":{"self":[{"href":"https:\/\/loussi.ca\/en\/wp-json\/wp\/v2\/pages\/964","targetHints":{"allow":["GET"]}}],"collection":[{"href":"https:\/\/loussi.ca\/en\/wp-json\/wp\/v2\/pages"}],"about":[{"href":"https:\/\/loussi.ca\/en\/wp-json\/wp\/v2\/types\/page"}],"author":[{"embeddable":true,"href":"https:\/\/loussi.ca\/en\/wp-json\/wp\/v2\/users\/1"}],"replies":[{"embeddable":true,"href":"https:\/\/loussi.ca\/en\/wp-json\/wp\/v2\/comments?post=964"}],"version-history":[{"count":31,"href":"https:\/\/loussi.ca\/en\/wp-json\/wp\/v2\/pages\/964\/revisions"}],"predecessor-version":[{"id":1806,"href":"https:\/\/loussi.ca\/en\/wp-json\/wp\/v2\/pages\/964\/revisions\/1806"}],"up":[{"embeddable":true,"href":"https:\/\/loussi.ca\/en\/wp-json\/wp\/v2\/pages\/894"}],"wp:attachment":[{"href":"https:\/\/loussi.ca\/en\/wp-json\/wp\/v2\/media?parent=964"}],"curies":[{"name":"wp","href":"https:\/\/api.w.org\/{rel}","templated":true}]}}