{"id":892,"date":"2023-10-13T16:04:18","date_gmt":"2023-10-13T16:04:18","guid":{"rendered":"https:\/\/loussi.ca\/?page_id=892"},"modified":"2024-01-30T01:38:47","modified_gmt":"2024-01-30T06:38:47","slug":"a-propos-de-nous","status":"publish","type":"page","link":"https:\/\/loussi.ca\/en\/a-propos-de-nous\/","title":{"rendered":"About us"},"content":{"rendered":"<div data-elementor-type=\"wp-page\" data-elementor-id=\"892\" class=\"elementor elementor-892\" data-elementor-post-type=\"page\">\n\t\t\t\t\t\t<section class=\"elementor-section elementor-top-section elementor-element elementor-element-427fc56 elementor-section-height-min-height elementor-section-boxed elementor-section-height-default elementor-section-items-middle\" data-id=\"427fc56\" data-element_type=\"section\" data-e-type=\"section\" data-settings=\"{&quot;background_background&quot;:&quot;classic&quot;}\">\n\t\t\t\t\t\t<div class=\"elementor-container elementor-column-gap-default\">\n\t\t\t\t\t<div class=\"elementor-column elementor-col-100 elementor-top-column elementor-element elementor-element-5d9d4a6\" data-id=\"5d9d4a6\" data-element_type=\"column\" data-e-type=\"column\">\n\t\t\t<div class=\"elementor-widget-wrap elementor-element-populated\">\n\t\t\t\t\t\t\t<\/div>\n\t\t<\/div>\n\t\t\t\t\t<\/div>\n\t\t<\/section>\n\t\t\t\t<section class=\"elementor-section elementor-top-section elementor-element elementor-element-59e42b0 elementor-section-boxed elementor-section-height-default elementor-section-height-default\" data-id=\"59e42b0\" data-element_type=\"section\" data-e-type=\"section\" data-settings=\"{&quot;background_background&quot;:&quot;classic&quot;}\">\n\t\t\t\t\t\t<div class=\"elementor-container elementor-column-gap-default\">\n\t\t\t\t\t<div class=\"elementor-column elementor-col-100 elementor-top-column elementor-element elementor-element-775d34e\" data-id=\"775d34e\" data-element_type=\"column\" data-e-type=\"column\">\n\t\t\t<div class=\"elementor-widget-wrap elementor-element-populated\">\n\t\t\t\t\t\t<div class=\"elementor-element elementor-element-5f56524 elementor-widget elementor-widget-text-editor\" data-id=\"5f56524\" data-element_type=\"widget\" data-e-type=\"widget\" data-widget_type=\"text-editor.default\">\n\t\t\t\t<div class=\"elementor-widget-container\">\n\t\t\t\t\t\t\t\t\t<p>Loussi is an IT consulting and services company. Through empathetic listening, we put in place strategies to support you in your digital transformation and your growth.<\/p><p>We are a team of experts with international experience. We deliver turnkey projects, provide you with experts and advisors to support you in your projects, and we also manage and maintain your IT infrastructure.<\/p>\t\t\t\t\t\t\t\t<\/div>\n\t\t\t\t<\/div>\n\t\t\t\t<section class=\"elementor-section elementor-inner-section elementor-element elementor-element-4ac09b6 elementor-section-boxed elementor-section-height-default elementor-section-height-default\" data-id=\"4ac09b6\" data-element_type=\"section\" data-e-type=\"section\">\n\t\t\t\t\t\t<div class=\"elementor-container elementor-column-gap-default\">\n\t\t\t\t\t<div class=\"elementor-column elementor-col-50 elementor-inner-column elementor-element elementor-element-7d0afb4\" data-id=\"7d0afb4\" data-element_type=\"column\" data-e-type=\"column\">\n\t\t\t<div class=\"elementor-widget-wrap elementor-element-populated\">\n\t\t\t\t\t\t<div class=\"elementor-element elementor-element-ac2fe77 elementor-position-inline-start elementor-view-default elementor-mobile-position-block-start elementor-widget elementor-widget-icon-box\" data-id=\"ac2fe77\" data-element_type=\"widget\" data-e-type=\"widget\" data-widget_type=\"icon-box.default\">\n\t\t\t\t<div class=\"elementor-widget-container\">\n\t\t\t\t\t\t\t<div class=\"elementor-icon-box-wrapper\">\n\n\t\t\t\t\t\t<div class=\"elementor-icon-box-icon\">\n\t\t\t\t<span  class=\"elementor-icon elementor-animation-grow\">\n\t\t\t\t<svg xmlns=\"http:\/\/www.w3.org\/2000\/svg\" xmlns:xlink=\"http:\/\/www.w3.org\/1999\/xlink\" id=\"Calque_1\" x=\"0px\" y=\"0px\" viewbox=\"0 0 200 200\" xml:space=\"preserve\"><g>\t<path d=\"M96.5,166.2c-34.7,0-63-28.2-63-63c0-34.7,28.2-63,63-63c1.7,0,3.5,0.1,5.5,0.3c2.5,0.2,4.4,2.4,4.2,4.9  c-0.2,2.5-2.4,4.4-4.9,4.2c-1.7-0.1-3.2-0.2-4.7-0.2c-29.7,0-53.8,24.1-53.8,53.8S66.9,157,96.6,157s53.8-24.1,53.8-53.8  c0-1.7-0.1-3.5-0.3-5.3c-0.2-2.5,1.6-4.7,4.1-5s4.7,1.6,5,4.1c0.2,2.1,0.3,4.2,0.3,6.2C159.4,137.9,131.2,166.2,96.5,166.2z\"><\/path>\t<path d=\"M96.5,193.7C46.6,193.7,6,153.1,6,103.2s40.6-90.4,90.4-90.4c2.5,0,5.1,0.1,7.9,0.4c2.5,0.2,4.4,2.4,4.2,4.9  c-0.2,2.5-2.4,4.4-4.9,4.2c-2.5-0.2-4.9-0.3-7.1-0.3c-44.8,0-81.3,36.5-81.3,81.3s36.5,81.3,81.3,81.3s81.3-36.5,81.3-81.3  c0-2.6-0.1-5.3-0.4-8c-0.2-2.5,1.6-4.7,4.1-5s4.7,1.6,5,4.1c0.3,3,0.4,6,0.4,8.9C186.9,153.1,146.3,193.7,96.5,193.7z\"><\/path>\t<path d=\"M96.5,141.5c-21.1,0-38.2-17.1-38.2-38.2S75.4,65,96.5,65c1.1,0,2.1,0,3.3,0.2c2.5,0.2,4.4,2.4,4.2,4.9  c-0.2,2.5-2.4,4.4-4.9,4.2c-0.9-0.1-1.8-0.1-2.5-0.1c-16,0-29.1,13-29.1,29.1s13,29.1,29.1,29.1s29.1-13,29.1-29.1  c0-0.9,0-1.9-0.1-2.9c-0.2-2.5,1.6-4.7,4.1-5c2.5-0.2,4.7,1.6,5,4.1c0.1,1.3,0.2,2.5,0.2,3.8C134.7,124.3,117.6,141.5,96.5,141.5z\"><\/path>\t<path d=\"M96.5,166.2c-34.7,0-63-28.2-63-63c0-34.7,28.2-63,63-63c1.7,0,3.5,0.1,5.5,0.3c2.5,0.2,4.4,2.4,4.2,4.9  c-0.2,2.5-2.4,4.4-4.9,4.2c-1.7-0.1-3.2-0.2-4.7-0.2c-29.7,0-53.8,24.1-53.8,53.8S66.9,157,96.6,157s53.8-24.1,53.8-53.8  c0-1.7-0.1-3.5-0.3-5.3c-0.2-2.5,1.6-4.7,4.1-5s4.7,1.6,5,4.1c0.2,2.1,0.3,4.2,0.3,6.2C159.4,137.9,131.2,166.2,96.5,166.2z\"><\/path>\t<path fill=\"#337F24\" d=\"M164.1,35.7L163.9,6l-26.7,27.1l-7,29.3l-35,35.5c-2.1,2.2-2.1,5.6,0.1,7.7c1.1,1,2.5,1.6,3.8,1.6  c1.4,0,2.8-0.5,3.9-1.6L138,70l29.2-7.5l26.6-27L164.1,35.7z M162.8,54.9l-23.5,6l5.6-23.6l10.6-10.7l0.1,9.2l0.1,8.5l8.5-0.1  l9.2-0.1L162.8,54.9z\"><\/path><\/g><\/svg>\t\t\t\t<\/span>\n\t\t\t<\/div>\n\t\t\t\n\t\t\t\t\t\t<div class=\"elementor-icon-box-content\">\n\n\t\t\t\t\t\t\t\t\t<h3 class=\"elementor-icon-box-title\">\n\t\t\t\t\t\t<span  >\n\t\t\t\t\t\t\tOur mission\t\t\t\t\t\t<\/span>\n\t\t\t\t\t<\/h3>\n\t\t\t\t\n\t\t\t\t\t\t\t\t\t<p class=\"elementor-icon-box-description\">\n\t\t\t\t\t\tTo support our clients in their transformation and development by offering quality services with high added value at competitive costs, through the ingenuity of our subject matter experts (SME).\t\t\t\t\t<\/p>\n\t\t\t\t\n\t\t\t<\/div>\n\t\t\t\n\t\t<\/div>\n\t\t\t\t\t\t<\/div>\n\t\t\t\t<\/div>\n\t\t\t\t\t<\/div>\n\t\t<\/div>\n\t\t\t\t<div class=\"elementor-column elementor-col-50 elementor-inner-column elementor-element elementor-element-d247fa0\" data-id=\"d247fa0\" data-element_type=\"column\" data-e-type=\"column\">\n\t\t\t<div class=\"elementor-widget-wrap elementor-element-populated\">\n\t\t\t\t\t\t<div class=\"elementor-element elementor-element-bec8bcd elementor-position-left elementor-vertical-align-middle elementor-widget elementor-widget-image-box\" data-id=\"bec8bcd\" data-element_type=\"widget\" data-e-type=\"widget\" data-widget_type=\"image-box.default\">\n\t\t\t\t<div class=\"elementor-widget-container\">\n\t\t\t\t\t<div class=\"elementor-image-box-wrapper\"><figure class=\"elementor-image-box-img\"><img decoding=\"async\" width=\"200\" height=\"200\" src=\"https:\/\/loussi.ca\/wp-content\/uploads\/2024\/01\/icon-vision2.svg\" class=\"elementor-animation-grow attachment-full size-full wp-image-1808\" alt=\"\" srcset=\"https:\/\/loussi.ca\/wp-content\/uploads\/\/2024\/01\/icon-vision2.svg 150w, https:\/\/loussi.ca\/wp-content\/uploads\/\/2024\/01\/icon-vision2.svg 300w, https:\/\/loussi.ca\/wp-content\/uploads\/\/2024\/01\/icon-vision2.svg 1024w, https:\/\/loussi.ca\/wp-content\/uploads\/\/2024\/01\/icon-vision2.svg 200w\" sizes=\"(max-width: 200px) 100vw, 200px\" \/><\/figure><div class=\"elementor-image-box-content\"><h3 class=\"elementor-image-box-title\">Our vision<\/h3><p class=\"elementor-image-box-description\">To be recognized as the right advisor who offers competitive and tailor-made services to its clients.<\/p><\/div><\/div>\t\t\t\t<\/div>\n\t\t\t\t<\/div>\n\t\t\t\t\t<\/div>\n\t\t<\/div>\n\t\t\t\t\t<\/div>\n\t\t<\/section>\n\t\t\t\t<section class=\"elementor-section elementor-inner-section elementor-element elementor-element-32db047 elementor-section-boxed elementor-section-height-default elementor-section-height-default\" data-id=\"32db047\" data-element_type=\"section\" data-e-type=\"section\">\n\t\t\t\t\t\t<div class=\"elementor-container elementor-column-gap-default\">\n\t\t\t\t\t<div class=\"elementor-column elementor-col-100 elementor-inner-column elementor-element elementor-element-f9ebb61\" data-id=\"f9ebb61\" data-element_type=\"column\" data-e-type=\"column\">\n\t\t\t<div class=\"elementor-widget-wrap elementor-element-populated\">\n\t\t\t\t\t\t<div class=\"elementor-element elementor-element-d21c543 elementor-position-inline-start elementor-view-default elementor-mobile-position-block-start elementor-widget elementor-widget-icon-box\" data-id=\"d21c543\" data-element_type=\"widget\" data-e-type=\"widget\" data-widget_type=\"icon-box.default\">\n\t\t\t\t<div class=\"elementor-widget-container\">\n\t\t\t\t\t\t\t<div class=\"elementor-icon-box-wrapper\">\n\n\t\t\t\t\t\t<div class=\"elementor-icon-box-icon\">\n\t\t\t\t<span  class=\"elementor-icon elementor-animation-grow\">\n\t\t\t\t<svg xmlns=\"http:\/\/www.w3.org\/2000\/svg\" xmlns:xlink=\"http:\/\/www.w3.org\/1999\/xlink\" id=\"Calque_1\" x=\"0px\" y=\"0px\" viewbox=\"0 0 200 200\" style=\"enable-background:new 0 0 200 200;\" xml:space=\"preserve\"><style type=\"text\/css\">\t.st0{fill:#FFFFFF;}\t.st1{fill:#337F24;}<\/style><path d=\"M183.2,112.8c2.4-2.1,4.9-4.2,7.2-6.5c4.2-4.3,4.2-8.9-0.1-13.2c-2.2-2.1-4.6-4.1-7-6c-2.8-2.2-3-4.7-1.5-7.8 c1.6-3.2,3.3-6.3,4.6-9.6c1.7-4.3,0.2-8-4.1-10c-2.6-1.2-5.4-2.1-8.3-2.8c-4.4-1.1-6.7-3.4-6.2-8.3c0.4-3.2,0.4-6.5,0.3-9.7 c-0.1-4.9-2.5-7.5-7.5-7.6c-3.6-0.1-7.1,0-10.7,0.4c-3.5,0.3-5.5-1.2-6.5-4.4c-0.9-2.9-1.9-5.9-3-8.7c-2.3-5.8-6.3-7.3-12.1-4.7 c-2.8,1.3-5.5,2.8-8.3,4.1c-3,1.4-5.4,0.9-7.6-2c-2-2.7-4.5-5.1-7-7.4c-3.8-3.4-7.5-3.4-11.3-0.1c-2.5,2.3-5,4.7-7.1,7.3 c-2.3,2.7-4.8,3-7.8,1.7c-2.8-1.2-5.7-2.3-8.5-3.6c-5.4-2.3-9.1-0.9-11.4,4.5c-1.2,2.8-2.1,5.8-2.9,8.8c-1.2,4.2-3.9,5.6-8.1,5 c-2.6-0.4-5.1-0.8-7.7-0.8c-6.4,0-9.6,3.3-9.4,9.7c0.1,2.9,0.5,5.8,0.8,8.7c0.4,3.7-1.4,5.8-4.8,6.8c-2.9,0.9-5.9,1.8-8.7,3 c-5.6,2.4-7.1,6.1-4.7,11.7c1.8,4.1,5.4,8.6,4.7,12.4c-0.7,3.7-5.7,6.5-8.8,9.7c-4.6,4.8-4.6,8.6,0,13.4c1.8,1.9,3.6,3.8,5.7,5.2 c4,2.8,4.3,6,2,10c-1.5,2.7-2.7,5.5-3.9,8.3c-2,4.5-0.2,7.7,3.7,9.7c2.9,1.5,6,2.4,9.1,3.3c4.1,1.2,6,3.5,5.8,8.1 c-0.9,17.2-0.8,17.4,16.1,16.7c5-0.2,7.6,1.6,8.8,6.2c0.6,2.4,1.3,4.7,2.2,6.9c2.4,6,6.6,7.6,12.5,5c4-1.7,8.3-5.1,11.8-4.4 s6.3,5.5,9.4,8.6c4.4,4.4,9.2,4.6,13.5,0.2c1.9-2,3.9-3.9,5.5-6.2c2.6-3.7,5.7-3.8,9.4-2c2.5,1.2,4.9,2.5,7.5,3.6 c5.5,2.3,9.5,0.8,11.8-4.7c1.2-2.8,2-5.8,2.9-8.8c1-3.2,2.9-4.9,6.4-4.6c3.1,0.3,6.2,0.3,9.2,0.4c6.9,0,9.3-2.5,9.3-9.4 c-0.1-1.3-0.1-2.8-0.1-4.3c-0.6-9.6-0.6-9.6,8.6-12.4c10.5-3.2,12.3-7.5,7.3-17.3c-0.8-1.6-1.6-3.2-2.5-4.7 C180.1,117.3,180.8,114.9,183.2,112.8z M176.9,107.1c-6.7,5.7-7.2,8.1-3.1,16.1c4.8,9.5,4.7,9.7-5.7,12.7c-7.3,2.1-9.7,5.2-8.9,12.6 c1.4,13.4,0,11.5-10.7,10.8c-7.7-0.6-10.5,1.5-12.7,8.9c-3.3,11-3.3,11-13.2,5.4c-5.7-3.3-11.1-2.7-15.1,2.4 c-7,9.1-7.5,10.1-15.4,0.3c-4.7-5.7-8.6-6.1-15.3-2.4c-9.6,5.3-9.6,5.3-12.9-5.6c-2.3-7.3-5.1-9.6-12.7-8.9 c-13.5,1.2-11.1,0.1-10.9-10.9c0.2-8.1-0.9-9.8-8.5-12.4c-10.6-3.7-10.6-3.7-5.7-13.5c3.5-6.9,2.8-10.4-2.8-15.2 c-8.7-7.3-8.7-7.3,0-14.8c5.7-4.8,6.3-8.7,2.7-15.3c-0.5-0.9-0.9-1.9-1.4-2.8c-3.2-6.7-2.9-7.3,4-9.7c0.5-0.2,0.8-0.3,1.3-0.4 c9-2.5,10.7-4.8,10.3-13.8c-0.6-11.7-0.8-10.4,10.1-10.1c9.4,0.2,11.4-1.2,14-10.6c2.3-8.3,3.8-8.9,11.2-4.2 c7.3,4.5,11.4,4,17.3-2.2c7.3-7.6,7.3-7.6,13.9,0.4c4,4.8,8.7,5.8,14.3,3.2c2-0.9,3.8-2,5.7-2.9c4.7-2.3,5.5-2,7.3,2.9 c0.4,1,0.7,2,1,3c3,10,4.3,10.9,14.6,10.5c10.1-0.4,10.1-0.4,9.3,9.8c0,0.2,0,0.3,0,0.5c-0.6,8.6,1.4,11.3,9.5,13.6 c9.8,2.6,10.1,3.3,5.2,12.1c-4.2,7.4-3.5,11.2,3,16.6C185.2,100,185.2,100,176.9,107.1z\"><\/path><g>\t<g>\t\t<path d=\"M99.8,79c-6.5,0-13-0.2-19.5,0.1c-2,0.1-4.5,1-5.9,2.5c-5.8,5.9-11.2,12.1-16.8,18.2c-2.3,2.5-2.3,4.6,0.1,7.1   c13.2,13.1,26.4,26.2,39.5,39.4c2.1,2.1,3.8,1.9,5.7-0.1c13-13.1,26-26.2,39.1-39.2c2.7-2.7,2.3-4.9,0-7.5   c-5.3-5.7-10.2-11.7-15.8-17.2c-1.8-1.8-4.9-3-7.6-3.2C112.5,78.6,106.2,78.9,99.8,79C99.8,78.9,99.8,78.9,99.8,79z M101.1,137   c-0.7,0.1-1.4,0.1-2,0.2c-4-9.6-8-19.1-11.9-28.7c-0.2-0.5,1-2.3,1.6-2.3c8-0.2,16-0.1,25.3-0.1   C109.5,117.1,105.3,127.1,101.1,137z M86.2,100.3c2.8-5.7,4.1-11.6,7.8-14.9c2.4-2.1,9.8-2.2,12.1,0c3.7,3.3,5,9.3,7.7,14.9   C104.3,100.3,95.9,100.3,86.2,100.3z M87.3,84.4C83.8,99.2,76,104.5,64.9,99.3c3.7-4,7.4-7.7,10.6-11.9S82.5,82.9,87.3,84.4z    M135.2,99.3c-0.2,0.7-0.5,1.3-0.7,2c-4.9-0.5-11.2,0.6-14.5-2c-3.9-3.1-5.3-9.4-7.8-14.3c0.4-0.5,0.8-0.9,1.2-1.4   c2.8,0.3,6.4-0.4,8.1,1.1C126.5,89,130.7,94.3,135.2,99.3z M66.6,106c3.5,0,7.2-0.1,10.8,0.1c1.2,0.1,2.9,0.7,3.3,1.6   c3.2,6.9,6.1,14,9,21c-0.4,0.2-0.8,0.4-1.2,0.7C81.4,121.7,74.2,114,66.6,106z M111.5,129.1c-0.5-0.3-0.9-0.6-1.4-1   c2.9-6.7,5.8-13.5,8.9-20.2c0.3-0.8,1.4-1.7,2.1-1.7c3.9-0.2,7.8-0.1,12-0.1C125.6,114.2,118.6,121.7,111.5,129.1z\"><\/path>\t<\/g>\t<g>\t\t<path class=\"st0\" d=\"M101.1,137c4.2-9.9,8.3-19.9,13-30.9c-9.3,0-17.3,0-25.3,0.1c-0.6,0-1.8,1.8-1.6,2.3   c3.9,9.6,7.9,19.2,11.9,28.7C99.8,137.1,100.5,137.1,101.1,137z\"><\/path>\t<\/g>\t<g>\t\t<path class=\"st0\" d=\"M86.2,100.3c9.7,0,18.1,0,27.6,0c-2.7-5.6-4-11.6-7.7-14.9c-2.3-2.1-9.7-2.1-12.1,0   C90.3,88.6,89,94.6,86.2,100.3z\"><\/path>\t<\/g>\t<g>\t\t<path class=\"st0\" d=\"M87.3,84.4c-4.8-1.5-8.6-1.2-11.8,3c-3.2,4.1-7,7.8-10.6,11.9C76,104.5,83.8,99.2,87.3,84.4z\"><\/path>\t<\/g>\t<g>\t\t<path class=\"st0\" d=\"M135.2,99.3c-4.5-4.9-8.7-10.2-13.7-14.6c-1.7-1.5-5.4-0.8-8.1-1.1c-0.4,0.5-0.8,0.9-1.2,1.4   c2.5,4.9,3.9,11.2,7.8,14.3c3.3,2.6,9.5,1.5,14.5,2C134.8,100.6,135,99.9,135.2,99.3z\"><\/path>\t<\/g>\t<g>\t\t<path class=\"st0\" d=\"M66.6,106c7.6,8.1,14.8,15.7,21.9,23.3c0.4-0.2,0.8-0.4,1.2-0.7c-3-7-5.9-14.1-9-21c-0.4-0.9-2.1-1.5-3.3-1.6   C73.8,105.8,70.1,106,66.6,106z\"><\/path>\t<\/g>\t<g>\t\t<path class=\"st0\" d=\"M111.5,129.1c7-7.5,14.1-14.9,21.6-22.9c-4.2,0-8.1-0.1-12,0.1c-0.8,0-1.8,0.9-2.1,1.7   c-3,6.7-5.9,13.4-8.9,20.2C110.6,128.5,111.1,128.8,111.5,129.1z\"><\/path>\t<\/g><\/g><g>\t<path class=\"st1\" d=\"M99.9,45.5c-2.1,0-3.8,1.7-3.8,3.8v13.4c0,2.1,1.7,3.8,3.8,3.8s3.8-1.7,3.8-3.8V49.3  C103.7,47.2,102,45.5,99.9,45.5z\"><\/path>\t<path class=\"st1\" d=\"M133,57.5c-1.5-1.5-3.9-1.5-5.3,0l-9.5,9.5c-0.7,0.7-1.1,1.7-1.1,2.7s0.4,2,1.1,2.7c0,0,0,0,0,0  c0.7,0.7,1.7,1.1,2.7,1.1s1.9-0.4,2.7-1.1l9.5-9.5c0.7-0.7,1.1-1.7,1.1-2.7S133.7,58.2,133,57.5z\"><\/path>\t<path class=\"st1\" d=\"M72.2,57.5c-1.5-1.5-3.9-1.5-5.3,0c-0.7,0.7-1.1,1.7-1.1,2.7s0.4,2,1.1,2.7l9.5,9.5c0.7,0.7,1.7,1.1,2.7,1.1  c1,0,1.9-0.4,2.7-1.1c1.5-1.5,1.5-3.9,0-5.3L72.2,57.5z\"><\/path><\/g><\/svg>\t\t\t\t<\/span>\n\t\t\t<\/div>\n\t\t\t\n\t\t\t\t\t\t<div class=\"elementor-icon-box-content\">\n\n\t\t\t\t\t\t\t\t\t<h3 class=\"elementor-icon-box-title\">\n\t\t\t\t\t\t<span  >\n\t\t\t\t\t\t\tOur Values\t\t\t\t\t\t<\/span>\n\t\t\t\t\t<\/h3>\n\t\t\t\t\n\t\t\t\t\t\t\t\t\t<p class=\"elementor-icon-box-description\">\n\t\t\t\t\t\t<b>Respect:<\/b> Respect is essential in our daily relations with our partners and customers, as it allows us to establish a relationship based on trust.<br><br>\n\n<b>Integrity<\/b> We believe integrity is the demonstration of consistency and probity. It allows us to guarantee a healthy work environment where transparency reigns in exchanges and communication.<br><br>\n\n<b>Creativity<\/b> Thanks to the creativity of our SME and advisors, our clients benefit from tailor-made solutions at competitive costs that meet their business needs.\n\t\t\t\t\t<\/p>\n\t\t\t\t\n\t\t\t<\/div>\n\t\t\t\n\t\t<\/div>\n\t\t\t\t\t\t<\/div>\n\t\t\t\t<\/div>\n\t\t\t\t\t<\/div>\n\t\t<\/div>\n\t\t\t\t\t<\/div>\n\t\t<\/section>\n\t\t\t\t\t<\/div>\n\t\t<\/div>\n\t\t\t\t\t<\/div>\n\t\t<\/section>\n\t\t\t\t<section class=\"elementor-section elementor-top-section elementor-element elementor-element-c2e9374 elementor-section-height-min-height elementor-section-boxed elementor-section-height-default elementor-section-items-middle\" data-id=\"c2e9374\" data-element_type=\"section\" data-e-type=\"section\" data-settings=\"{&quot;background_background&quot;:&quot;classic&quot;}\">\n\t\t\t\t\t\t<div class=\"elementor-container elementor-column-gap-default\">\n\t\t\t\t\t<div class=\"elementor-column elementor-col-100 elementor-top-column elementor-element elementor-element-df911ce\" data-id=\"df911ce\" data-element_type=\"column\" data-e-type=\"column\">\n\t\t\t<div class=\"elementor-widget-wrap elementor-element-populated\">\n\t\t\t\t\t\t<section class=\"elementor-section elementor-inner-section elementor-element elementor-element-7203623 elementor-section-boxed elementor-section-height-default elementor-section-height-default\" data-id=\"7203623\" data-element_type=\"section\" data-e-type=\"section\">\n\t\t\t\t\t\t<div class=\"elementor-container elementor-column-gap-default\">\n\t\t\t\t\t<div class=\"elementor-column elementor-col-50 elementor-inner-column elementor-element elementor-element-c66a951\" data-id=\"c66a951\" data-element_type=\"column\" data-e-type=\"column\">\n\t\t\t<div class=\"elementor-widget-wrap elementor-element-populated\">\n\t\t\t\t\t\t<div class=\"elementor-element elementor-element-bffa2e7 elementor-widget elementor-widget-image\" data-id=\"bffa2e7\" data-element_type=\"widget\" data-e-type=\"widget\" data-widget_type=\"image.default\">\n\t\t\t\t<div class=\"elementor-widget-container\">\n\t\t\t\t\t\t\t\t\t\t\t\t\t\t\t<img fetchpriority=\"high\" decoding=\"async\" width=\"410\" height=\"346\" src=\"https:\/\/loussi.ca\/wp-content\/uploads\/2024\/01\/bg_call-to-action.png\" class=\"attachment-large size-large wp-image-1769\" alt=\"\" srcset=\"https:\/\/loussi.ca\/wp-content\/uploads\/2024\/01\/bg_call-to-action.png 410w, https:\/\/loussi.ca\/wp-content\/uploads\/2024\/01\/bg_call-to-action-300x253.png 300w, https:\/\/loussi.ca\/wp-content\/uploads\/2024\/01\/bg_call-to-action-14x12.png 14w\" sizes=\"(max-width: 410px) 100vw, 410px\" \/>\t\t\t\t\t\t\t\t\t\t\t\t\t\t\t<\/div>\n\t\t\t\t<\/div>\n\t\t\t\t\t<\/div>\n\t\t<\/div>\n\t\t\t\t<div class=\"elementor-column elementor-col-50 elementor-inner-column elementor-element elementor-element-63bb0a1\" data-id=\"63bb0a1\" data-element_type=\"column\" data-e-type=\"column\">\n\t\t\t<div class=\"elementor-widget-wrap elementor-element-populated\">\n\t\t\t\t\t\t<div class=\"elementor-element elementor-element-6001876 elementor-widget elementor-widget-heading\" data-id=\"6001876\" data-element_type=\"widget\" data-e-type=\"widget\" data-widget_type=\"heading.default\">\n\t\t\t\t<div class=\"elementor-widget-container\">\n\t\t\t\t\t<h3 class=\"elementor-heading-title elementor-size-default\">A need or projet \u2026 <br>We can support you<\/h3>\t\t\t\t<\/div>\n\t\t\t\t<\/div>\n\t\t\t\t<div class=\"elementor-element elementor-element-354293a elementor-widget elementor-widget-button\" data-id=\"354293a\" data-element_type=\"widget\" data-e-type=\"widget\" data-widget_type=\"button.default\">\n\t\t\t\t<div class=\"elementor-widget-container\">\n\t\t\t\t\t\t\t\t\t<div class=\"elementor-button-wrapper\">\n\t\t\t\t\t<a class=\"elementor-button elementor-button-link elementor-size-md\" href=\"https:\/\/loussi.ca\/en\/contact\/\">\n\t\t\t\t\t\t<span class=\"elementor-button-content-wrapper\">\n\t\t\t\t\t\t<span class=\"elementor-button-icon\">\n\t\t\t\t<i aria-hidden=\"true\" class=\"fas fa-arrow-alt-circle-right\"><\/i>\t\t\t<\/span>\n\t\t\t\t\t\t\t\t\t<span class=\"elementor-button-text\">Contact us<\/span>\n\t\t\t\t\t<\/span>\n\t\t\t\t\t<\/a>\n\t\t\t\t<\/div>\n\t\t\t\t\t\t\t\t<\/div>\n\t\t\t\t<\/div>\n\t\t\t\t\t<\/div>\n\t\t<\/div>\n\t\t\t\t\t<\/div>\n\t\t<\/section>\n\t\t\t\t\t<\/div>\n\t\t<\/div>\n\t\t\t\t\t<\/div>\n\t\t<\/section>\n\t\t\t\t<\/div>","protected":false},"excerpt":{"rendered":"<p>Loussi est une soci\u00e9t\u00e9 de conseils et de services TI. A travers une \u00e9coute empathique, nous mettons en place des strat\u00e9gies pour vous accompagner dans votre transformation num\u00e9rique et votre croissance. Nous sommes une \u00e9quipe d&rsquo;experts avec une longue exp\u00e9rience internationale. Nous livrons des projets cl\u00e9s en main, mettons \u00e0 votre disposition des experts et [&hellip;]<\/p>\n","protected":false},"author":1,"featured_media":0,"parent":0,"menu_order":0,"comment_status":"closed","ping_status":"closed","template":"elementor_header_footer","meta":{"footnotes":""},"class_list":["post-892","page","type-page","status-publish","hentry"],"_links":{"self":[{"href":"https:\/\/loussi.ca\/en\/wp-json\/wp\/v2\/pages\/892","targetHints":{"allow":["GET"]}}],"collection":[{"href":"https:\/\/loussi.ca\/en\/wp-json\/wp\/v2\/pages"}],"about":[{"href":"https:\/\/loussi.ca\/en\/wp-json\/wp\/v2\/types\/page"}],"author":[{"embeddable":true,"href":"https:\/\/loussi.ca\/en\/wp-json\/wp\/v2\/users\/1"}],"replies":[{"embeddable":true,"href":"https:\/\/loussi.ca\/en\/wp-json\/wp\/v2\/comments?post=892"}],"version-history":[{"count":67,"href":"https:\/\/loussi.ca\/en\/wp-json\/wp\/v2\/pages\/892\/revisions"}],"predecessor-version":[{"id":1814,"href":"https:\/\/loussi.ca\/en\/wp-json\/wp\/v2\/pages\/892\/revisions\/1814"}],"wp:attachment":[{"href":"https:\/\/loussi.ca\/en\/wp-json\/wp\/v2\/media?parent=892"}],"curies":[{"name":"wp","href":"https:\/\/api.w.org\/{rel}","templated":true}]}}