{"id":890,"date":"2023-10-13T16:03:58","date_gmt":"2023-10-13T16:03:58","guid":{"rendered":"https:\/\/loussi.ca\/?page_id=890"},"modified":"2024-01-26T05:29:12","modified_gmt":"2024-01-26T10:29:12","slug":"accueil","status":"publish","type":"page","link":"https:\/\/loussi.ca\/en\/","title":{"rendered":"Home"},"content":{"rendered":"<div data-elementor-type=\"wp-page\" data-elementor-id=\"890\" class=\"elementor elementor-890\" data-elementor-post-type=\"page\">\n\t\t\t\t\t\t<section class=\"elementor-section elementor-top-section elementor-element elementor-element-ec0581b elementor-section-height-min-height elementor-section-content-middle elementor-section-boxed elementor-section-height-default elementor-section-items-middle\" data-id=\"ec0581b\" data-element_type=\"section\" data-e-type=\"section\" data-settings=\"{&quot;background_background&quot;:&quot;classic&quot;}\">\n\t\t\t\t\t\t<div class=\"elementor-container elementor-column-gap-default\">\n\t\t\t\t\t<div class=\"elementor-column elementor-col-100 elementor-top-column elementor-element elementor-element-9391d7a\" data-id=\"9391d7a\" data-element_type=\"column\" data-e-type=\"column\">\n\t\t\t<div class=\"elementor-widget-wrap elementor-element-populated\">\n\t\t\t\t\t\t<div class=\"elementor-element elementor-element-f353c00 elementor-widget elementor-widget-heading\" data-id=\"f353c00\" data-element_type=\"widget\" data-e-type=\"widget\" data-widget_type=\"heading.default\">\n\t\t\t\t<div class=\"elementor-widget-container\">\n\t\t\t\t\t<h1 class=\"elementor-heading-title elementor-size-large\">We bring you support in your transformation and development<\/h1>\t\t\t\t<\/div>\n\t\t\t\t<\/div>\n\t\t\t\t\t<\/div>\n\t\t<\/div>\n\t\t\t\t\t<\/div>\n\t\t<\/section>\n\t\t\t\t<section class=\"elementor-section elementor-top-section elementor-element elementor-element-021e368 elementor-section-boxed elementor-section-height-default elementor-section-height-default\" data-id=\"021e368\" data-element_type=\"section\" data-e-type=\"section\" data-settings=\"{&quot;background_background&quot;:&quot;classic&quot;}\">\n\t\t\t\t\t\t<div class=\"elementor-container elementor-column-gap-default\">\n\t\t\t\t\t<div class=\"elementor-column elementor-col-100 elementor-top-column elementor-element elementor-element-4c644ce\" data-id=\"4c644ce\" data-element_type=\"column\" data-e-type=\"column\">\n\t\t\t<div class=\"elementor-widget-wrap elementor-element-populated\">\n\t\t\t\t\t\t<div class=\"elementor-element elementor-element-90358d9 elementor-widget elementor-widget-heading\" data-id=\"90358d9\" data-element_type=\"widget\" data-e-type=\"widget\" data-widget_type=\"heading.default\">\n\t\t\t\t<div class=\"elementor-widget-container\">\n\t\t\t\t\t<h2 class=\"elementor-heading-title elementor-size-default\">Our services<\/h2>\t\t\t\t<\/div>\n\t\t\t\t<\/div>\n\t\t\t\t<section class=\"elementor-section elementor-inner-section elementor-element elementor-element-d5d5678 elementor-section-full_width elementor-section-height-default elementor-section-height-default\" data-id=\"d5d5678\" data-element_type=\"section\" data-e-type=\"section\">\n\t\t\t\t\t\t<div class=\"elementor-container elementor-column-gap-default\">\n\t\t\t\t\t<div class=\"elementor-column elementor-col-50 elementor-inner-column elementor-element elementor-element-c4d770e\" data-id=\"c4d770e\" data-element_type=\"column\" data-e-type=\"column\">\n\t\t\t<div class=\"elementor-widget-wrap elementor-element-populated\">\n\t\t\t\t\t\t<div class=\"elementor-element elementor-element-5180aee elementor-widget elementor-widget-image\" data-id=\"5180aee\" data-element_type=\"widget\" data-e-type=\"widget\" data-widget_type=\"image.default\">\n\t\t\t\t<div class=\"elementor-widget-container\">\n\t\t\t\t\t\t\t\t\t\t\t\t\t\t\t\t<a href=\"https:\/\/loussi.ca\/en\/services\/infrastructure-et-infonuagique\/\">\n\t\t\t\t\t\t\t<img fetchpriority=\"high\" decoding=\"async\" width=\"600\" height=\"209\" src=\"https:\/\/loussi.ca\/wp-content\/uploads\/2023\/10\/img-service01.png\" class=\"elementor-animation-hang attachment-large size-large wp-image-1699\" alt=\"\" srcset=\"https:\/\/loussi.ca\/wp-content\/uploads\/2023\/10\/img-service01.png 600w, https:\/\/loussi.ca\/wp-content\/uploads\/2023\/10\/img-service01-300x105.png 300w, https:\/\/loussi.ca\/wp-content\/uploads\/2023\/10\/img-service01-18x6.png 18w\" sizes=\"(max-width: 600px) 100vw, 600px\" \/>\t\t\t\t\t\t\t\t<\/a>\n\t\t\t\t\t\t\t\t\t\t\t\t\t\t\t<\/div>\n\t\t\t\t<\/div>\n\t\t\t\t<div class=\"elementor-element elementor-element-60c63f9 elementor-widget elementor-widget-heading\" data-id=\"60c63f9\" data-element_type=\"widget\" data-e-type=\"widget\" data-widget_type=\"heading.default\">\n\t\t\t\t<div class=\"elementor-widget-container\">\n\t\t\t\t\t<h3 class=\"elementor-heading-title elementor-size-default\"><a href=\"https:\/\/loussi.ca\/en\/services\/infrastructure-et-infonuagique\/\">Infrastructure and Cloud Computing<\/a><\/h3>\t\t\t\t<\/div>\n\t\t\t\t<\/div>\n\t\t\t\t<div class=\"elementor-element elementor-element-017a607 elementor-widget elementor-widget-text-editor\" data-id=\"017a607\" data-element_type=\"widget\" data-e-type=\"widget\" data-widget_type=\"text-editor.default\">\n\t\t\t\t<div class=\"elementor-widget-container\">\n\t\t\t\t\t\t\t\t\t<p>Technology is constantly evolving, offering new products and services to transform and improve IT infrastructures and make business processes more efficient and profitable. We are your trusted partner and advisor to support you in your transformation, whether for on-premise infrastructure services in your data centers or in the cloud.<\/p>\t\t\t\t\t\t\t\t<\/div>\n\t\t\t\t<\/div>\n\t\t\t\t<div class=\"elementor-element elementor-element-1a105e6 elementor-align-center elementor-widget elementor-widget-button\" data-id=\"1a105e6\" data-element_type=\"widget\" data-e-type=\"widget\" data-widget_type=\"button.default\">\n\t\t\t\t<div class=\"elementor-widget-container\">\n\t\t\t\t\t\t\t\t\t<div class=\"elementor-button-wrapper\">\n\t\t\t\t\t<a class=\"elementor-button elementor-button-link elementor-size-sm\" href=\"https:\/\/loussi.ca\/en\/services\/infrastructure-et-infonuagique\/\">\n\t\t\t\t\t\t<span class=\"elementor-button-content-wrapper\">\n\t\t\t\t\t\t\t\t\t<span class=\"elementor-button-text\">En savoir plus &gt;&gt;<\/span>\n\t\t\t\t\t<\/span>\n\t\t\t\t\t<\/a>\n\t\t\t\t<\/div>\n\t\t\t\t\t\t\t\t<\/div>\n\t\t\t\t<\/div>\n\t\t\t\t\t<\/div>\n\t\t<\/div>\n\t\t\t\t<div class=\"elementor-column elementor-col-50 elementor-inner-column elementor-element elementor-element-fc80007\" data-id=\"fc80007\" data-element_type=\"column\" data-e-type=\"column\">\n\t\t\t<div class=\"elementor-widget-wrap elementor-element-populated\">\n\t\t\t\t\t\t<div class=\"elementor-element elementor-element-16bc1d6 elementor-widget elementor-widget-image\" data-id=\"16bc1d6\" data-element_type=\"widget\" data-e-type=\"widget\" data-widget_type=\"image.default\">\n\t\t\t\t<div class=\"elementor-widget-container\">\n\t\t\t\t\t\t\t\t\t\t\t\t\t\t\t\t<a href=\"https:\/\/loussi.ca\/en\/services\/cybersecurite\/\">\n\t\t\t\t\t\t\t<img decoding=\"async\" width=\"600\" height=\"209\" src=\"https:\/\/loussi.ca\/wp-content\/uploads\/2024\/01\/img-service02.png\" class=\"elementor-animation-hang attachment-large size-large wp-image-1753\" alt=\"Cybers\u00e9curit\u00e9\" srcset=\"https:\/\/loussi.ca\/wp-content\/uploads\/2024\/01\/img-service02.png 600w, https:\/\/loussi.ca\/wp-content\/uploads\/2024\/01\/img-service02-300x105.png 300w, https:\/\/loussi.ca\/wp-content\/uploads\/2024\/01\/img-service02-18x6.png 18w\" sizes=\"(max-width: 600px) 100vw, 600px\" \/>\t\t\t\t\t\t\t\t<\/a>\n\t\t\t\t\t\t\t\t\t\t\t\t\t\t\t<\/div>\n\t\t\t\t<\/div>\n\t\t\t\t<div class=\"elementor-element elementor-element-61d0331 elementor-widget elementor-widget-heading\" data-id=\"61d0331\" data-element_type=\"widget\" data-e-type=\"widget\" data-widget_type=\"heading.default\">\n\t\t\t\t<div class=\"elementor-widget-container\">\n\t\t\t\t\t<h3 class=\"elementor-heading-title elementor-size-default\"><a href=\"https:\/\/loussi.ca\/en\/services\/cybersecurite\/\">Cybersecurity<\/a><\/h3>\t\t\t\t<\/div>\n\t\t\t\t<\/div>\n\t\t\t\t<div class=\"elementor-element elementor-element-1c2440d elementor-widget elementor-widget-text-editor\" data-id=\"1c2440d\" data-element_type=\"widget\" data-e-type=\"widget\" data-widget_type=\"text-editor.default\">\n\t\t\t\t<div class=\"elementor-widget-container\">\n\t\t\t\t\t\t\t\t\t<p>The evolution of technology and its constant use attract adversaries who will try without authorization to penetrate your IT environments to steal, expose or modify your information assets. It is becoming important for your organizations to put in place a cybersecurity strategy to protect your information assets and reduce the risks to the organization.<\/p>\t\t\t\t\t\t\t\t<\/div>\n\t\t\t\t<\/div>\n\t\t\t\t<div class=\"elementor-element elementor-element-0776eff elementor-align-center elementor-widget elementor-widget-button\" data-id=\"0776eff\" data-element_type=\"widget\" data-e-type=\"widget\" data-widget_type=\"button.default\">\n\t\t\t\t<div class=\"elementor-widget-container\">\n\t\t\t\t\t\t\t\t\t<div class=\"elementor-button-wrapper\">\n\t\t\t\t\t<a class=\"elementor-button elementor-button-link elementor-size-sm\" href=\"https:\/\/loussi.ca\/en\/services\/cybersecurite\/\">\n\t\t\t\t\t\t<span class=\"elementor-button-content-wrapper\">\n\t\t\t\t\t\t\t\t\t<span class=\"elementor-button-text\">En savoir plus &gt;&gt;<\/span>\n\t\t\t\t\t<\/span>\n\t\t\t\t\t<\/a>\n\t\t\t\t<\/div>\n\t\t\t\t\t\t\t\t<\/div>\n\t\t\t\t<\/div>\n\t\t\t\t\t<\/div>\n\t\t<\/div>\n\t\t\t\t\t<\/div>\n\t\t<\/section>\n\t\t\t\t<section class=\"elementor-section elementor-inner-section elementor-element elementor-element-0c278fc elementor-section-full_width elementor-section-height-default elementor-section-height-default\" data-id=\"0c278fc\" data-element_type=\"section\" data-e-type=\"section\">\n\t\t\t\t\t\t<div class=\"elementor-container elementor-column-gap-default\">\n\t\t\t\t\t<div class=\"elementor-column elementor-col-50 elementor-inner-column elementor-element elementor-element-0210efb\" data-id=\"0210efb\" data-element_type=\"column\" data-e-type=\"column\">\n\t\t\t<div class=\"elementor-widget-wrap elementor-element-populated\">\n\t\t\t\t\t\t<div class=\"elementor-element elementor-element-2ab6a44 elementor-widget elementor-widget-image\" data-id=\"2ab6a44\" data-element_type=\"widget\" data-e-type=\"widget\" data-widget_type=\"image.default\">\n\t\t\t\t<div class=\"elementor-widget-container\">\n\t\t\t\t\t\t\t\t\t\t\t\t\t\t\t\t<a href=\"https:\/\/loussi.ca\/en\/services\/audit-et-evaluation\/\">\n\t\t\t\t\t\t\t<img decoding=\"async\" width=\"600\" height=\"209\" src=\"https:\/\/loussi.ca\/wp-content\/uploads\/2024\/01\/img-service03.png\" class=\"elementor-animation-hang attachment-large size-large wp-image-1754\" alt=\"Audit et \u00e9valuation\" srcset=\"https:\/\/loussi.ca\/wp-content\/uploads\/2024\/01\/img-service03.png 600w, https:\/\/loussi.ca\/wp-content\/uploads\/2024\/01\/img-service03-300x105.png 300w, https:\/\/loussi.ca\/wp-content\/uploads\/2024\/01\/img-service03-18x6.png 18w\" sizes=\"(max-width: 600px) 100vw, 600px\" \/>\t\t\t\t\t\t\t\t<\/a>\n\t\t\t\t\t\t\t\t\t\t\t\t\t\t\t<\/div>\n\t\t\t\t<\/div>\n\t\t\t\t<div class=\"elementor-element elementor-element-708006b elementor-widget elementor-widget-heading\" data-id=\"708006b\" data-element_type=\"widget\" data-e-type=\"widget\" data-widget_type=\"heading.default\">\n\t\t\t\t<div class=\"elementor-widget-container\">\n\t\t\t\t\t<h3 class=\"elementor-heading-title elementor-size-default\"><a href=\"https:\/\/loussi.ca\/en\/services\/audit-et-evaluation\/\">Assessment and Audit<\/a><\/h3>\t\t\t\t<\/div>\n\t\t\t\t<\/div>\n\t\t\t\t<div class=\"elementor-element elementor-element-1657ea9 elementor-widget elementor-widget-text-editor\" data-id=\"1657ea9\" data-element_type=\"widget\" data-e-type=\"widget\" data-widget_type=\"text-editor.default\">\n\t\t\t\t<div class=\"elementor-widget-container\">\n\t\t\t\t\t\t\t\t\t<p>Be proactive and anticipate on attacks by requesting one of our security assessment and audit services. Don't wait for malicious people or adversaries to test your information assets to identify flaws or malfunctions that could compromise your business processes.<\/p>\t\t\t\t\t\t\t\t<\/div>\n\t\t\t\t<\/div>\n\t\t\t\t<div class=\"elementor-element elementor-element-8b7c4fd elementor-align-center elementor-widget elementor-widget-button\" data-id=\"8b7c4fd\" data-element_type=\"widget\" data-e-type=\"widget\" data-widget_type=\"button.default\">\n\t\t\t\t<div class=\"elementor-widget-container\">\n\t\t\t\t\t\t\t\t\t<div class=\"elementor-button-wrapper\">\n\t\t\t\t\t<a class=\"elementor-button elementor-button-link elementor-size-sm\" href=\"https:\/\/loussi.ca\/en\/services\/audit-et-evaluation\/\">\n\t\t\t\t\t\t<span class=\"elementor-button-content-wrapper\">\n\t\t\t\t\t\t\t\t\t<span class=\"elementor-button-text\">En savoir plus &gt;&gt;<\/span>\n\t\t\t\t\t<\/span>\n\t\t\t\t\t<\/a>\n\t\t\t\t<\/div>\n\t\t\t\t\t\t\t\t<\/div>\n\t\t\t\t<\/div>\n\t\t\t\t\t<\/div>\n\t\t<\/div>\n\t\t\t\t<div class=\"elementor-column elementor-col-50 elementor-inner-column elementor-element elementor-element-f085ead\" data-id=\"f085ead\" data-element_type=\"column\" data-e-type=\"column\">\n\t\t\t<div class=\"elementor-widget-wrap elementor-element-populated\">\n\t\t\t\t\t\t<div class=\"elementor-element elementor-element-73d8441 elementor-widget elementor-widget-image\" data-id=\"73d8441\" data-element_type=\"widget\" data-e-type=\"widget\" data-widget_type=\"image.default\">\n\t\t\t\t<div class=\"elementor-widget-container\">\n\t\t\t\t\t\t\t\t\t\t\t\t\t\t\t\t<a href=\"https:\/\/loussi.ca\/en\/services\/developpement-des-competences\/\">\n\t\t\t\t\t\t\t<img loading=\"lazy\" decoding=\"async\" width=\"600\" height=\"209\" src=\"https:\/\/loussi.ca\/wp-content\/uploads\/2024\/01\/img-service04.png\" class=\"elementor-animation-hang attachment-large size-large wp-image-1752\" alt=\"\" srcset=\"https:\/\/loussi.ca\/wp-content\/uploads\/2024\/01\/img-service04.png 600w, https:\/\/loussi.ca\/wp-content\/uploads\/2024\/01\/img-service04-300x105.png 300w, https:\/\/loussi.ca\/wp-content\/uploads\/2024\/01\/img-service04-18x6.png 18w\" sizes=\"(max-width: 600px) 100vw, 600px\" \/>\t\t\t\t\t\t\t\t<\/a>\n\t\t\t\t\t\t\t\t\t\t\t\t\t\t\t<\/div>\n\t\t\t\t<\/div>\n\t\t\t\t<div class=\"elementor-element elementor-element-a2b7644 elementor-widget elementor-widget-heading\" data-id=\"a2b7644\" data-element_type=\"widget\" data-e-type=\"widget\" data-widget_type=\"heading.default\">\n\t\t\t\t<div class=\"elementor-widget-container\">\n\t\t\t\t\t<h3 class=\"elementor-heading-title elementor-size-default\"><a href=\"https:\/\/loussi.ca\/en\/services\/developpement-des-competences\/\">Skills development<\/a><\/h3>\t\t\t\t<\/div>\n\t\t\t\t<\/div>\n\t\t\t\t<div class=\"elementor-element elementor-element-95c8c08 elementor-widget elementor-widget-text-editor\" data-id=\"95c8c08\" data-element_type=\"widget\" data-e-type=\"widget\" data-widget_type=\"text-editor.default\">\n\t\t\t\t<div class=\"elementor-widget-container\">\n\t\t\t\t\t\t\t\t\t<p>In addition to training that allows you to acquire new skills that will allow you to do your job in the short or medium term, we focus on skills development that remains beyond employment and are centered on the human being, his career and his professional development.<\/p>\t\t\t\t\t\t\t\t<\/div>\n\t\t\t\t<\/div>\n\t\t\t\t<div class=\"elementor-element elementor-element-2e8ef03 elementor-align-center elementor-widget elementor-widget-button\" data-id=\"2e8ef03\" data-element_type=\"widget\" data-e-type=\"widget\" data-widget_type=\"button.default\">\n\t\t\t\t<div class=\"elementor-widget-container\">\n\t\t\t\t\t\t\t\t\t<div class=\"elementor-button-wrapper\">\n\t\t\t\t\t<a class=\"elementor-button elementor-button-link elementor-size-sm\" href=\"https:\/\/loussi.ca\/en\/services\/developpement-des-competences\/\">\n\t\t\t\t\t\t<span class=\"elementor-button-content-wrapper\">\n\t\t\t\t\t\t\t\t\t<span class=\"elementor-button-text\">En savoir plus &gt;&gt;<\/span>\n\t\t\t\t\t<\/span>\n\t\t\t\t\t<\/a>\n\t\t\t\t<\/div>\n\t\t\t\t\t\t\t\t<\/div>\n\t\t\t\t<\/div>\n\t\t\t\t\t<\/div>\n\t\t<\/div>\n\t\t\t\t\t<\/div>\n\t\t<\/section>\n\t\t\t\t<div class=\"elementor-element elementor-element-7eca59a elementor-widget elementor-widget-heading\" data-id=\"7eca59a\" data-element_type=\"widget\" data-e-type=\"widget\" data-widget_type=\"heading.default\">\n\t\t\t\t<div class=\"elementor-widget-container\">\n\t\t\t\t\t<h2 class=\"elementor-heading-title elementor-size-default\">Our partners<\/h2>\t\t\t\t<\/div>\n\t\t\t\t<\/div>\n\t\t\t\t<section class=\"elementor-section elementor-inner-section elementor-element elementor-element-d23bb19 elementor-section-full_width elementor-section-height-default elementor-section-height-default\" data-id=\"d23bb19\" data-element_type=\"section\" data-e-type=\"section\">\n\t\t\t\t\t\t<div class=\"elementor-container elementor-column-gap-default\">\n\t\t\t\t\t<div class=\"elementor-column elementor-col-25 elementor-inner-column elementor-element elementor-element-873c086\" data-id=\"873c086\" data-element_type=\"column\" data-e-type=\"column\">\n\t\t\t<div class=\"elementor-widget-wrap\">\n\t\t\t\t\t\t\t<\/div>\n\t\t<\/div>\n\t\t\t\t<div class=\"elementor-column elementor-col-25 elementor-inner-column elementor-element elementor-element-e8d90a1\" data-id=\"e8d90a1\" data-element_type=\"column\" data-e-type=\"column\">\n\t\t\t<div class=\"elementor-widget-wrap elementor-element-populated\">\n\t\t\t\t\t\t<div class=\"elementor-element elementor-element-1592a39 elementor-widget elementor-widget-image\" data-id=\"1592a39\" data-element_type=\"widget\" data-e-type=\"widget\" data-widget_type=\"image.default\">\n\t\t\t\t<div class=\"elementor-widget-container\">\n\t\t\t\t\t\t\t\t\t\t\t\t\t\t\t<img loading=\"lazy\" decoding=\"async\" width=\"200\" height=\"100\" src=\"https:\/\/loussi.ca\/wp-content\/uploads\/2023\/10\/logo_cisco.png\" class=\"attachment-large size-large wp-image-1704\" alt=\"Logo Cisco\" srcset=\"https:\/\/loussi.ca\/wp-content\/uploads\/2023\/10\/logo_cisco.png 200w, https:\/\/loussi.ca\/wp-content\/uploads\/2023\/10\/logo_cisco-18x9.png 18w\" sizes=\"(max-width: 200px) 100vw, 200px\" \/>\t\t\t\t\t\t\t\t\t\t\t\t\t\t\t<\/div>\n\t\t\t\t<\/div>\n\t\t\t\t\t<\/div>\n\t\t<\/div>\n\t\t\t\t<div class=\"elementor-column elementor-col-25 elementor-inner-column elementor-element elementor-element-27d3e17\" data-id=\"27d3e17\" data-element_type=\"column\" data-e-type=\"column\">\n\t\t\t<div class=\"elementor-widget-wrap elementor-element-populated\">\n\t\t\t\t\t\t<div class=\"elementor-element elementor-element-b768a83 elementor-widget elementor-widget-image\" data-id=\"b768a83\" data-element_type=\"widget\" data-e-type=\"widget\" data-widget_type=\"image.default\">\n\t\t\t\t<div class=\"elementor-widget-container\">\n\t\t\t\t\t\t\t\t\t\t\t\t\t\t\t<img loading=\"lazy\" decoding=\"async\" width=\"200\" height=\"100\" src=\"https:\/\/loussi.ca\/wp-content\/uploads\/2023\/10\/logo_fortinet.png\" class=\"attachment-large size-large wp-image-1703\" alt=\"Logo Fortinet\" srcset=\"https:\/\/loussi.ca\/wp-content\/uploads\/2023\/10\/logo_fortinet.png 200w, https:\/\/loussi.ca\/wp-content\/uploads\/2023\/10\/logo_fortinet-18x9.png 18w\" sizes=\"(max-width: 200px) 100vw, 200px\" \/>\t\t\t\t\t\t\t\t\t\t\t\t\t\t\t<\/div>\n\t\t\t\t<\/div>\n\t\t\t\t\t<\/div>\n\t\t<\/div>\n\t\t\t\t<div class=\"elementor-column elementor-col-25 elementor-inner-column elementor-element elementor-element-8970bf9\" data-id=\"8970bf9\" data-element_type=\"column\" data-e-type=\"column\">\n\t\t\t<div class=\"elementor-widget-wrap\">\n\t\t\t\t\t\t\t<\/div>\n\t\t<\/div>\n\t\t\t\t\t<\/div>\n\t\t<\/section>\n\t\t\t\t\t<\/div>\n\t\t<\/div>\n\t\t\t\t\t<\/div>\n\t\t<\/section>\n\t\t\t\t<\/div>","protected":false},"excerpt":{"rendered":"<p>Nous vous accompagnons dans votre transformation et votre d\u00e9veloppement Nos services Infrastructure et infonuagique La technologie est en constante \u00e9volution, offrant de nouveaux produits et services pour transformer et am\u00e9liorer les infrastructures TI et rendre les processus d&rsquo;affaires plus performantes et rentables. Faites-nous confiance pour vous accompagner dans votre transformation que ce soit pour les [&hellip;]<\/p>\n","protected":false},"author":1,"featured_media":0,"parent":0,"menu_order":0,"comment_status":"closed","ping_status":"closed","template":"elementor_header_footer","meta":{"footnotes":""},"class_list":["post-890","page","type-page","status-publish","hentry"],"_links":{"self":[{"href":"https:\/\/loussi.ca\/en\/wp-json\/wp\/v2\/pages\/890","targetHints":{"allow":["GET"]}}],"collection":[{"href":"https:\/\/loussi.ca\/en\/wp-json\/wp\/v2\/pages"}],"about":[{"href":"https:\/\/loussi.ca\/en\/wp-json\/wp\/v2\/types\/page"}],"author":[{"embeddable":true,"href":"https:\/\/loussi.ca\/en\/wp-json\/wp\/v2\/users\/1"}],"replies":[{"embeddable":true,"href":"https:\/\/loussi.ca\/en\/wp-json\/wp\/v2\/comments?post=890"}],"version-history":[{"count":88,"href":"https:\/\/loussi.ca\/en\/wp-json\/wp\/v2\/pages\/890\/revisions"}],"predecessor-version":[{"id":1785,"href":"https:\/\/loussi.ca\/en\/wp-json\/wp\/v2\/pages\/890\/revisions\/1785"}],"wp:attachment":[{"href":"https:\/\/loussi.ca\/en\/wp-json\/wp\/v2\/media?parent=890"}],"curies":[{"name":"wp","href":"https:\/\/api.w.org\/{rel}","templated":true}]}}